{"id":4026,"date":"2022-12-19T02:31:25","date_gmt":"2022-12-19T02:31:25","guid":{"rendered":"https:\/\/oveosoft.com\/pevabag\/?page_id=4026"},"modified":"2023-10-12T13:36:01","modified_gmt":"2023-10-12T13:36:01","slug":"couvre-robe-gamboc","status":"publish","type":"page","link":"https:\/\/oveosoft.com\/pevabag\/fr\/couvre-robe-gamboc\/","title":{"rendered":"Couvre-robe Gamboc"},"content":{"rendered":"\t\t<div data-elementor-type=\"wp-page\" data-elementor-id=\"4026\" class=\"elementor elementor-4026\">\n\t\t\t\t\t\t<div class=\"elementor-inner\">\n\t\t\t\t<div class=\"elementor-section-wrap\">\n\t\t\t\t\t\t\t\t\t<section class=\"elementor-section elementor-top-section elementor-element elementor-element-2fee724 elementor-section-boxed elementor-section-height-default elementor-section-height-default wpr-particle-no wpr-jarallax-no wpr-parallax-no wpr-sticky-section-no\" data-id=\"2fee724\" data-element_type=\"section\" data-settings=\"{&quot;background_background&quot;:&quot;classic&quot;}\">\n\t\t\t\t\t\t<div class=\"elementor-container elementor-column-gap-default\">\n\t\t\t\t\t\t\t<div class=\"elementor-row\">\n\t\t\t\t\t<div class=\"elementor-column elementor-col-100 elementor-top-column elementor-element elementor-element-c7f3372\" data-id=\"c7f3372\" data-element_type=\"column\">\n\t\t\t<div class=\"elementor-column-wrap elementor-element-populated\">\n\t\t\t\t\t\t\t<div class=\"elementor-widget-wrap\">\n\t\t\t\t\t\t<div class=\"elementor-element elementor-element-0b1d17c elementor-widget elementor-widget-gva-heading-block\" data-id=\"0b1d17c\" data-element_type=\"widget\" data-widget_type=\"gva-heading-block.default\">\n\t\t\t\t<div class=\"elementor-widget-container\">\n\t\t\t<div class=\"gva-element-gva-heading-block gva-element\">   <div class=\"align-center style-1 widget gsc-heading box-align-center auto-responsive\">\r\n      <div class=\"content-inner\">\r\n         \r\n                  \r\n           \r\n         \r\n                  \r\n                     <div class=\"title-desc\">Robe Couverture<\/div>\r\n         \r\n         \r\n      <\/div>\r\n   <\/div>\r\n<\/div>\t\t<\/div>\n\t\t\t\t<\/div>\n\t\t\t\t\t\t<\/div>\n\t\t\t\t\t<\/div>\n\t\t<\/div>\n\t\t\t\t\t\t\t\t<\/div>\n\t\t\t\t\t<\/div>\n\t\t<\/section>\n\t\t\t\t<section class=\"elementor-section elementor-top-section elementor-element elementor-element-8b0b77f elementor-section-boxed elementor-section-height-default elementor-section-height-default wpr-particle-no wpr-jarallax-no wpr-parallax-no wpr-sticky-section-no\" data-id=\"8b0b77f\" data-element_type=\"section\">\n\t\t\t\t\t\t<div class=\"elementor-container elementor-column-gap-default\">\n\t\t\t\t\t\t\t<div class=\"elementor-row\">\n\t\t\t\t\t<div class=\"elementor-column elementor-col-100 elementor-top-column elementor-element elementor-element-144370f\" data-id=\"144370f\" data-element_type=\"column\">\n\t\t\t<div class=\"elementor-column-wrap elementor-element-populated\">\n\t\t\t\t\t\t\t<div class=\"elementor-widget-wrap\">\n\t\t\t\t\t\t<div class=\"elementor-element elementor-element-33ac453 elementor-widget elementor-widget-spacer\" data-id=\"33ac453\" data-element_type=\"widget\" data-widget_type=\"spacer.default\">\n\t\t\t\t<div class=\"elementor-widget-container\">\n\t\t\t<style>\/*! elementor - v3.16.0 - 09-10-2023 *\/\n.elementor-column .elementor-spacer-inner{height:var(--spacer-size)}.e-con{--container-widget-width:100%}.e-con-inner>.elementor-widget-spacer,.e-con>.elementor-widget-spacer{width:var(--container-widget-width,var(--spacer-size));--align-self:var(--container-widget-align-self,initial);--flex-shrink:0}.e-con-inner>.elementor-widget-spacer>.elementor-widget-container,.e-con>.elementor-widget-spacer>.elementor-widget-container{height:100%;width:100%}.e-con-inner>.elementor-widget-spacer>.elementor-widget-container>.elementor-spacer,.e-con>.elementor-widget-spacer>.elementor-widget-container>.elementor-spacer{height:100%}.e-con-inner>.elementor-widget-spacer>.elementor-widget-container>.elementor-spacer>.elementor-spacer-inner,.e-con>.elementor-widget-spacer>.elementor-widget-container>.elementor-spacer>.elementor-spacer-inner{height:var(--container-widget-height,var(--spacer-size))}.e-con-inner>.elementor-widget-spacer.elementor-widget-empty,.e-con>.elementor-widget-spacer.elementor-widget-empty{position:relative;min-height:22px;min-width:22px}.e-con-inner>.elementor-widget-spacer.elementor-widget-empty .elementor-widget-empty-icon,.e-con>.elementor-widget-spacer.elementor-widget-empty .elementor-widget-empty-icon{position:absolute;top:0;bottom:0;left:0;right:0;margin:auto;padding:0;width:22px;height:22px}<\/style>\t\t<div class=\"elementor-spacer\">\n\t\t\t<div class=\"elementor-spacer-inner\"><\/div>\n\t\t<\/div>\n\t\t\t\t<\/div>\n\t\t\t\t<\/div>\n\t\t\t\t\t\t<\/div>\n\t\t\t\t\t<\/div>\n\t\t<\/div>\n\t\t\t\t\t\t\t\t<\/div>\n\t\t\t\t\t<\/div>\n\t\t<\/section>\n\t\t\t\t<section class=\"elementor-section elementor-top-section elementor-element elementor-element-3fcbd82 elementor-section-boxed elementor-section-height-default elementor-section-height-default wpr-particle-no wpr-jarallax-no wpr-parallax-no wpr-sticky-section-no\" data-id=\"3fcbd82\" data-element_type=\"section\">\n\t\t\t\t\t\t<div class=\"elementor-container elementor-column-gap-default\">\n\t\t\t\t\t\t\t<div class=\"elementor-row\">\n\t\t\t\t\t<div class=\"elementor-column elementor-col-100 elementor-top-column elementor-element elementor-element-83062bd\" data-id=\"83062bd\" data-element_type=\"column\">\n\t\t\t<div class=\"elementor-column-wrap elementor-element-populated\">\n\t\t\t\t\t\t\t<div class=\"elementor-widget-wrap\">\n\t\t\t\t\t\t<div class=\"elementor-element elementor-element-d34b11b wpr-advanced-text-style-highlighted wpr-animated-text-infinite-yes elementor-widget elementor-widget-wpr-advanced-text\" data-id=\"d34b11b\" data-element_type=\"widget\" data-settings=\"{&quot;anim_loop&quot;:&quot;yes&quot;}\" data-widget_type=\"wpr-advanced-text.default\">\n\t\t\t\t<div class=\"elementor-widget-container\">\n\t\t\t\n\t\t<h1 class=\"wpr-advanced-text\">\n\n\t\t\t\t\t\n\t\t\t\t\t\t\t<span class=\"wpr-advanced-text-preffix\">Convient pour vous-m\u00eame<\/span>\n\t\t\t\n\t\t<span class=\"wpr-highlighted-text\">\n\t\t\t\t\t\n\t\t\t<span class=\"wpr-highlighted-text-inner\">Robe Couverture<\/span>\n\n\t\t\t<svg xmlns=\"http:\/\/www.w3.org\/2000\/svg\" viewBox=\"0 0 500 150\" class=\"wpr-highlight-circle\" preserveAspectRatio=\"none\">\n\t\t\t\t\t\t\t\t<path d=\"M284.72,15.61C276.85,14.43,2-2.85,2,80.46c0,34.09,45.22,58.86,196.31,62.81C719.59,154.18,467-74.85,109,29.15\"><\/path>\n\t\t\t\t\t\t\t<\/svg>\n\t\t\t\t\t<\/span>\n\t\t\t\t\t\t<span class=\"wpr-advanced-text-suffix\">Choisissez votre style\u00a0!<\/span>\n\t\t\t\t\t\n\t\t<\/h1>\n\t\t\n\t\t\t\t<\/div>\n\t\t\t\t<\/div>\n\t\t\t\t\t\t<\/div>\n\t\t\t\t\t<\/div>\n\t\t<\/div>\n\t\t\t\t\t\t\t\t<\/div>\n\t\t\t\t\t<\/div>\n\t\t<\/section>\n\t\t<div class=\"elementor-element elementor-element-0eec5ec e-grid e-con-boxed wpr-particle-no wpr-jarallax-no wpr-parallax-no wpr-sticky-section-no e-con e-parent\" data-id=\"0eec5ec\" data-element_type=\"container\" data-settings=\"{&quot;container_type&quot;:&quot;grid&quot;,&quot;grid_columns_grid&quot;:{&quot;unit&quot;:&quot;fr&quot;,&quot;size&quot;:&quot;2&quot;,&quot;sizes&quot;:[]},&quot;grid_rows_grid&quot;:{&quot;unit&quot;:&quot;fr&quot;,&quot;size&quot;:&quot;1&quot;,&quot;sizes&quot;:[]},&quot;grid_rows_grid_mobile&quot;:{&quot;unit&quot;:&quot;fr&quot;,&quot;size&quot;:&quot;1&quot;,&quot;sizes&quot;:[]},&quot;content_width&quot;:&quot;boxed&quot;,&quot;grid_outline&quot;:&quot;yes&quot;,&quot;grid_columns_grid_tablet&quot;:{&quot;unit&quot;:&quot;fr&quot;,&quot;size&quot;:&quot;&quot;,&quot;sizes&quot;:[]},&quot;grid_columns_grid_mobile&quot;:{&quot;unit&quot;:&quot;fr&quot;,&quot;size&quot;:1,&quot;sizes&quot;:[]},&quot;grid_rows_grid_tablet&quot;:{&quot;unit&quot;:&quot;fr&quot;,&quot;size&quot;:&quot;&quot;,&quot;sizes&quot;:[]},&quot;grid_auto_flow&quot;:&quot;row&quot;,&quot;grid_auto_flow_tablet&quot;:&quot;row&quot;,&quot;grid_auto_flow_mobile&quot;:&quot;row&quot;}\" data-core-v316-plus=\"true\">\n\t\t\t\t\t<div class=\"e-con-inner\">\n\t\t\t\t<div class=\"elementor-element elementor-element-01cb9a3 elementor-widget elementor-widget-gva-image-content\" data-id=\"01cb9a3\" data-element_type=\"widget\" data-widget_type=\"gva-image-content.default\">\n\t\t\t\t<div class=\"elementor-widget-container\">\n\t\t\t<div class=\"gva-element-gva-image-content gva-element\">\t\t\r\n\t  \r\n\t \r\n\r\n\t \r\n\r\n\t\r\n\t\t\t<div class=\"about-four__single\">\r\n\t\t\t<div class=\"about-four__wrap\">\r\n\t\t\t  \t<div class=\"about-four__right\"><div class=\"about-four__image\"><div class=\"content-inner\">\t\t  <a href=\"https:\/\/oveosoft.com\/pevabag\/fr\/urunler\/gambocs-non-tisses\/\">\r\n\t\t\t <img decoding=\"async\" src=\"https:\/\/oveosoft.com\/pevabag\/wp-content\/uploads\/2023\/10\/fransizca-19-2-scaled.webp\" alt=\"\" \/>\t\t  <\/a>\r\n\t\t  <\/div><\/div><\/div>\t\t\t<\/div>\t\r\n\t\t<\/div>\r\n\t \r\n  \r\n \r\n\r\n  \r\n \r\n\r\n <\/div>\t\t<\/div>\n\t\t\t\t<\/div>\n\t\t\t\t<div class=\"elementor-element elementor-element-b27caf7 elementor-widget elementor-widget-gva-image-content\" data-id=\"b27caf7\" data-element_type=\"widget\" data-widget_type=\"gva-image-content.default\">\n\t\t\t\t<div class=\"elementor-widget-container\">\n\t\t\t<div class=\"gva-element-gva-image-content gva-element\">\t\t\r\n\t  \r\n\t \r\n\r\n\t \r\n\r\n\t\r\n\t\t\t<div class=\"about-four__single\">\r\n\t\t\t<div class=\"about-four__wrap\">\r\n\t\t\t  \t<div class=\"about-four__right\"><div class=\"about-four__image\"><div class=\"content-inner\">\t\t  <a href=\"https:\/\/oveosoft.com\/pevabag\/fr\/urunler\/gamboches-en-coton\/\">\r\n\t\t\t <img decoding=\"async\" src=\"https:\/\/oveosoft.com\/pevabag\/wp-content\/uploads\/2023\/10\/fransizca-11-1-scaled.webp\" alt=\"\" \/>\t\t  <\/a>\r\n\t\t  <\/div><\/div><\/div>\t\t\t<\/div>\t\r\n\t\t<\/div>\r\n\t \r\n  \r\n \r\n\r\n  \r\n \r\n\r\n <\/div>\t\t<\/div>\n\t\t\t\t<\/div>\n\t\t\t\t<div class=\"elementor-element elementor-element-12c9534 elementor-widget elementor-widget-gva-image-content\" data-id=\"12c9534\" data-element_type=\"widget\" data-widget_type=\"gva-image-content.default\">\n\t\t\t\t<div class=\"elementor-widget-container\">\n\t\t\t<div class=\"gva-element-gva-image-content gva-element\">\t\t\r\n\t  \r\n\t \r\n\r\n\t \r\n\r\n\t\r\n\t\t\t<div class=\"about-four__single\">\r\n\t\t\t<div class=\"about-four__wrap\">\r\n\t\t\t  \t<div class=\"about-four__right\"><div class=\"about-four__image\"><div class=\"content-inner\">\t\t  <a href=\"https:\/\/oveosoft.com\/pevabag\/fr\/urunler\/imperteks-impermeables-gamboches\/\">\r\n\t\t\t <img decoding=\"async\" src=\"https:\/\/oveosoft.com\/pevabag\/wp-content\/uploads\/2023\/10\/fransizca-15-1-scaled.webp\" alt=\"\" \/>\t\t  <\/a>\r\n\t\t  <\/div><\/div><\/div>\t\t\t<\/div>\t\r\n\t\t<\/div>\r\n\t \r\n  \r\n \r\n\r\n  \r\n \r\n\r\n <\/div>\t\t<\/div>\n\t\t\t\t<\/div>\n\t\t\t\t<div class=\"elementor-element elementor-element-94dd0c6 elementor-widget elementor-widget-gva-image-content\" data-id=\"94dd0c6\" data-element_type=\"widget\" data-widget_type=\"gva-image-content.default\">\n\t\t\t\t<div class=\"elementor-widget-container\">\n\t\t\t<div class=\"gva-element-gva-image-content gva-element\">\t\t\r\n\t  \r\n\t \r\n\r\n\t \r\n\r\n\t\r\n\t\t\t<div class=\"about-four__single\">\r\n\t\t\t<div class=\"about-four__wrap\">\r\n\t\t\t  \t<div class=\"about-four__right\"><div class=\"about-four__image\"><div class=\"content-inner\">\t\t  <a href=\"https:\/\/oveosoft.com\/pevabag\/fr\/urunler\/oeillets-transparents-en-peva\/\">\r\n\t\t\t <img decoding=\"async\" src=\"https:\/\/oveosoft.com\/pevabag\/wp-content\/uploads\/2023\/10\/fransizca-23-1-scaled.webp\" alt=\"\" \/>\t\t  <\/a>\r\n\t\t  <\/div><\/div><\/div>\t\t\t<\/div>\t\r\n\t\t<\/div>\r\n\t \r\n  \r\n \r\n\r\n  \r\n \r\n\r\n <\/div>\t\t<\/div>\n\t\t\t\t<\/div>\n\t\t\t\t\t<\/div>\n\t\t\t\t<\/div>\n\t\t\t\t\t\t\t\t\t<\/div>\n\t\t\t<\/div>\n\t\t\t\t\t<\/div>\n\t\t","protected":false},"excerpt":{"rendered":"<p>Robe Couverture Convient pour vous-m\u00eame Robe Couverture Choisissez votre style\u00a0!<\/p>\n","protected":false},"author":1,"featured_media":0,"parent":0,"menu_order":0,"comment_status":"closed","ping_status":"closed","template":"","meta":{"footnotes":""},"class_list":["post-4026","page","type-page","status-publish","hentry"],"yoast_head":"<!-- This site is optimized with the Yoast SEO plugin v21.3 - https:\/\/yoast.com\/wordpress\/plugins\/seo\/ -->\n<title>Couvre-robe Gamboc - Pevabag<\/title>\n<meta name=\"robots\" content=\"noindex, follow, max-snippet:-1, max-image-preview:large, max-video-preview:-1\" \/>\n<meta property=\"og:locale\" content=\"tr_TR\" \/>\n<meta property=\"og:type\" content=\"article\" \/>\n<meta property=\"og:title\" content=\"Couvre-robe Gamboc - Pevabag\" \/>\n<meta property=\"og:description\" content=\"Robe Couverture Convient pour vous-m\u00eame Robe Couverture Choisissez votre style\u00a0!\" \/>\n<meta property=\"og:url\" content=\"https:\/\/oveosoft.com\/pevabag\/fr\/couvre-robe-gamboc\/\" \/>\n<meta property=\"og:site_name\" content=\"Pevabag | Elbise K\u0131l\u0131f\u0131 \u00fcretiminde d\u00fcnya markas\u0131!\" \/>\n<meta property=\"article:publisher\" content=\"https:\/\/www.facebook.com\/pevabag\" \/>\n<meta property=\"article:modified_time\" content=\"2023-10-12T13:36:01+00:00\" \/>\n<meta property=\"og:image\" content=\"https:\/\/oveosoft.com\/pevabag\/wp-content\/uploads\/2023\/10\/fransizca-19-2-scaled.webp\" \/>\n<meta name=\"twitter:card\" content=\"summary_large_image\" \/>\n<meta name=\"twitter:site\" content=\"@pevabag\" \/>\n<meta name=\"twitter:label1\" content=\"Tahmini okuma s\u00fcresi\" \/>\n\t<meta name=\"twitter:data1\" content=\"2 dakika\" \/>\n<script type=\"application\/ld+json\" class=\"yoast-schema-graph\">{\"@context\":\"https:\/\/schema.org\",\"@graph\":[{\"@type\":\"WebPage\",\"@id\":\"https:\/\/oveosoft.com\/pevabag\/fr\/couvre-robe-gamboc\/\",\"url\":\"https:\/\/oveosoft.com\/pevabag\/fr\/couvre-robe-gamboc\/\",\"name\":\"Couvre-robe Gamboc - Pevabag\",\"isPartOf\":{\"@id\":\"https:\/\/oveosoft.com\/pevabag\/#website\"},\"datePublished\":\"2022-12-19T02:31:25+00:00\",\"dateModified\":\"2023-10-12T13:36:01+00:00\",\"breadcrumb\":{\"@id\":\"https:\/\/oveosoft.com\/pevabag\/fr\/couvre-robe-gamboc\/#breadcrumb\"},\"inLanguage\":\"tr\",\"potentialAction\":[{\"@type\":\"ReadAction\",\"target\":[\"https:\/\/oveosoft.com\/pevabag\/fr\/couvre-robe-gamboc\/\"]}]},{\"@type\":\"BreadcrumbList\",\"@id\":\"https:\/\/oveosoft.com\/pevabag\/fr\/couvre-robe-gamboc\/#breadcrumb\",\"itemListElement\":[{\"@type\":\"ListItem\",\"position\":1,\"name\":\"Anasayfa\",\"item\":\"https:\/\/oveosoft.com\/pevabag\/\"},{\"@type\":\"ListItem\",\"position\":2,\"name\":\"Couvre-robe Gamboc\"}]},{\"@type\":\"WebSite\",\"@id\":\"https:\/\/oveosoft.com\/pevabag\/#website\",\"url\":\"https:\/\/oveosoft.com\/pevabag\/\",\"name\":\"Pevabag\",\"description\":\"\",\"publisher\":{\"@id\":\"https:\/\/oveosoft.com\/pevabag\/#organization\"},\"potentialAction\":[{\"@type\":\"SearchAction\",\"target\":{\"@type\":\"EntryPoint\",\"urlTemplate\":\"https:\/\/oveosoft.com\/pevabag\/?s={search_term_string}\"},\"query-input\":\"required name=search_term_string\"}],\"inLanguage\":\"tr\"},{\"@type\":\"Organization\",\"@id\":\"https:\/\/oveosoft.com\/pevabag\/#organization\",\"name\":\"Pevabag\",\"url\":\"https:\/\/oveosoft.com\/pevabag\/\",\"logo\":{\"@type\":\"ImageObject\",\"inLanguage\":\"tr\",\"@id\":\"https:\/\/oveosoft.com\/pevabag\/#\/schema\/logo\/image\/\",\"url\":\"https:\/\/oveosoft.com\/pevabag\/wp-content\/uploads\/2023\/07\/Pevabag-Logo.webp\",\"contentUrl\":\"https:\/\/oveosoft.com\/pevabag\/wp-content\/uploads\/2023\/07\/Pevabag-Logo.webp\",\"width\":1721,\"height\":1046,\"caption\":\"Pevabag\"},\"image\":{\"@id\":\"https:\/\/oveosoft.com\/pevabag\/#\/schema\/logo\/image\/\"},\"sameAs\":[\"https:\/\/www.facebook.com\/pevabag\",\"https:\/\/twitter.com\/pevabag\",\"https:\/\/www.instagram.com\/pevabag\/\"]}]}<\/script>\n<!-- \/ Yoast SEO plugin. -->","yoast_head_json":{"title":"Couvre-robe Gamboc - Pevabag","robots":{"index":"noindex","follow":"follow","max-snippet":"max-snippet:-1","max-image-preview":"max-image-preview:large","max-video-preview":"max-video-preview:-1"},"og_locale":"tr_TR","og_type":"article","og_title":"Couvre-robe Gamboc - Pevabag","og_description":"Robe Couverture Convient pour vous-m\u00eame Robe Couverture Choisissez votre style\u00a0!","og_url":"https:\/\/oveosoft.com\/pevabag\/fr\/couvre-robe-gamboc\/","og_site_name":"Pevabag | Elbise K\u0131l\u0131f\u0131 \u00fcretiminde d\u00fcnya markas\u0131!","article_publisher":"https:\/\/www.facebook.com\/pevabag","article_modified_time":"2023-10-12T13:36:01+00:00","og_image":[{"url":"https:\/\/oveosoft.com\/pevabag\/wp-content\/uploads\/2023\/10\/fransizca-19-2-scaled.webp"}],"twitter_card":"summary_large_image","twitter_site":"@pevabag","twitter_misc":{"Tahmini okuma s\u00fcresi":"2 dakika"},"schema":{"@context":"https:\/\/schema.org","@graph":[{"@type":"WebPage","@id":"https:\/\/oveosoft.com\/pevabag\/fr\/couvre-robe-gamboc\/","url":"https:\/\/oveosoft.com\/pevabag\/fr\/couvre-robe-gamboc\/","name":"Couvre-robe Gamboc - Pevabag","isPartOf":{"@id":"https:\/\/oveosoft.com\/pevabag\/#website"},"datePublished":"2022-12-19T02:31:25+00:00","dateModified":"2023-10-12T13:36:01+00:00","breadcrumb":{"@id":"https:\/\/oveosoft.com\/pevabag\/fr\/couvre-robe-gamboc\/#breadcrumb"},"inLanguage":"tr","potentialAction":[{"@type":"ReadAction","target":["https:\/\/oveosoft.com\/pevabag\/fr\/couvre-robe-gamboc\/"]}]},{"@type":"BreadcrumbList","@id":"https:\/\/oveosoft.com\/pevabag\/fr\/couvre-robe-gamboc\/#breadcrumb","itemListElement":[{"@type":"ListItem","position":1,"name":"Anasayfa","item":"https:\/\/oveosoft.com\/pevabag\/"},{"@type":"ListItem","position":2,"name":"Couvre-robe Gamboc"}]},{"@type":"WebSite","@id":"https:\/\/oveosoft.com\/pevabag\/#website","url":"https:\/\/oveosoft.com\/pevabag\/","name":"Pevabag","description":"","publisher":{"@id":"https:\/\/oveosoft.com\/pevabag\/#organization"},"potentialAction":[{"@type":"SearchAction","target":{"@type":"EntryPoint","urlTemplate":"https:\/\/oveosoft.com\/pevabag\/?s={search_term_string}"},"query-input":"required name=search_term_string"}],"inLanguage":"tr"},{"@type":"Organization","@id":"https:\/\/oveosoft.com\/pevabag\/#organization","name":"Pevabag","url":"https:\/\/oveosoft.com\/pevabag\/","logo":{"@type":"ImageObject","inLanguage":"tr","@id":"https:\/\/oveosoft.com\/pevabag\/#\/schema\/logo\/image\/","url":"https:\/\/oveosoft.com\/pevabag\/wp-content\/uploads\/2023\/07\/Pevabag-Logo.webp","contentUrl":"https:\/\/oveosoft.com\/pevabag\/wp-content\/uploads\/2023\/07\/Pevabag-Logo.webp","width":1721,"height":1046,"caption":"Pevabag"},"image":{"@id":"https:\/\/oveosoft.com\/pevabag\/#\/schema\/logo\/image\/"},"sameAs":["https:\/\/www.facebook.com\/pevabag","https:\/\/twitter.com\/pevabag","https:\/\/www.instagram.com\/pevabag\/"]}]}},"_links":{"self":[{"href":"https:\/\/oveosoft.com\/pevabag\/wp-json\/wp\/v2\/pages\/4026","targetHints":{"allow":["GET"]}}],"collection":[{"href":"https:\/\/oveosoft.com\/pevabag\/wp-json\/wp\/v2\/pages"}],"about":[{"href":"https:\/\/oveosoft.com\/pevabag\/wp-json\/wp\/v2\/types\/page"}],"author":[{"embeddable":true,"href":"https:\/\/oveosoft.com\/pevabag\/wp-json\/wp\/v2\/users\/1"}],"replies":[{"embeddable":true,"href":"https:\/\/oveosoft.com\/pevabag\/wp-json\/wp\/v2\/comments?post=4026"}],"version-history":[{"count":37,"href":"https:\/\/oveosoft.com\/pevabag\/wp-json\/wp\/v2\/pages\/4026\/revisions"}],"predecessor-version":[{"id":8395,"href":"https:\/\/oveosoft.com\/pevabag\/wp-json\/wp\/v2\/pages\/4026\/revisions\/8395"}],"wp:attachment":[{"href":"https:\/\/oveosoft.com\/pevabag\/wp-json\/wp\/v2\/media?parent=4026"}],"curies":[{"name":"wp","href":"https:\/\/api.w.org\/{rel}","templated":true}]}}